{"id":162,"date":"2021-03-11T02:56:50","date_gmt":"2021-03-11T05:56:50","guid":{"rendered":"https:\/\/arteplacas.com\/?page_id=162"},"modified":"2021-03-11T13:58:48","modified_gmt":"2021-03-11T16:58:48","slug":"contato-2","status":"publish","type":"page","link":"https:\/\/arteplacas.com\/?page_id=162","title":{"rendered":"Contato"},"content":{"rendered":"\n<p>______________________________________________________________________________<\/p>\n\n\n\n<p><strong>Estamos \u00e0 sua disposi\u00e7\u00e3o. AGENDE A INSTALA\u00c7\u00c3O DA SUA PLACA MERCOSUL.<\/strong><\/p>\n\n\n\n<p>E-mail: fabricaartplacas@outlook.com<\/p>\n\n\n\n<p>Celular: 79 99604-3037<\/p>\n\n\n\n<p>Endere\u00e7o: Rodovia Prestes Maia, S\/N, BR 101, KM 02. Propri\u00e1\/SE. <\/p>\n\n\n\n<p>CEP: 49.900-000.<\/p>\n\n\n\n<p>______________________________________________________________________________<\/p>\n","protected":false},"excerpt":{"rendered":"<p>______________________________________________________________________________ Estamos \u00e0 sua disposi\u00e7\u00e3o. AGENDE A INSTALA\u00c7\u00c3O DA SUA PLACA MERCOSUL. E-mail: fabricaartplacas@outlook.com Celular: 79 99604-3037 Endere\u00e7o: Rodovia Prestes Maia, S\/N, BR 101, KM 02. Propri\u00e1\/SE. CEP: 49.900-000. ______________________________________________________________________________<\/p>\n","protected":false},"author":1,"featured_media":0,"parent":0,"menu_order":0,"comment_status":"closed","ping_status":"closed","template":"","meta":{"footnotes":""},"class_list":["post-162","page","type-page","status-publish","hentry"],"yoast_head":"<!-- This site is optimized with the Yoast SEO plugin v20.0 - https:\/\/yoast.com\/wordpress\/plugins\/seo\/ -->\n<title>Contato -<\/title>\n<meta name=\"robots\" content=\"index, follow, max-snippet:-1, max-image-preview:large, max-video-preview:-1\" \/>\n<link rel=\"canonical\" href=\"https:\/\/arteplacas.com\/?page_id=162\" \/>\n<meta property=\"og:locale\" content=\"pt_BR\" \/>\n<meta property=\"og:type\" content=\"article\" \/>\n<meta property=\"og:title\" content=\"Contato -\" \/>\n<meta property=\"og:description\" content=\"______________________________________________________________________________ Estamos \u00e0 sua disposi\u00e7\u00e3o. AGENDE A INSTALA\u00c7\u00c3O DA SUA PLACA MERCOSUL. E-mail: fabricaartplacas@outlook.com Celular: 79 99604-3037 Endere\u00e7o: Rodovia Prestes Maia, S\/N, BR 101, KM 02. Propri\u00e1\/SE. CEP: 49.900-000. ______________________________________________________________________________\" \/>\n<meta property=\"og:url\" content=\"https:\/\/arteplacas.com\/?page_id=162\" \/>\n<meta property=\"article:modified_time\" content=\"2021-03-11T16:58:48+00:00\" \/>\n<meta name=\"twitter:card\" content=\"summary_large_image\" \/>\n<script type=\"application\/ld+json\" class=\"yoast-schema-graph\">{\"@context\":\"https:\/\/schema.org\",\"@graph\":[{\"@type\":\"WebPage\",\"@id\":\"https:\/\/arteplacas.com\/?page_id=162\",\"url\":\"https:\/\/arteplacas.com\/?page_id=162\",\"name\":\"Contato -\",\"isPartOf\":{\"@id\":\"https:\/\/arteplacas.com\/#website\"},\"datePublished\":\"2021-03-11T05:56:50+00:00\",\"dateModified\":\"2021-03-11T16:58:48+00:00\",\"breadcrumb\":{\"@id\":\"https:\/\/arteplacas.com\/?page_id=162#breadcrumb\"},\"inLanguage\":\"pt-BR\",\"potentialAction\":[{\"@type\":\"ReadAction\",\"target\":[\"https:\/\/arteplacas.com\/?page_id=162\"]}]},{\"@type\":\"BreadcrumbList\",\"@id\":\"https:\/\/arteplacas.com\/?page_id=162#breadcrumb\",\"itemListElement\":[{\"@type\":\"ListItem\",\"position\":1,\"name\":\"In\u00edcio\",\"item\":\"https:\/\/arteplacas.com\/\"},{\"@type\":\"ListItem\",\"position\":2,\"name\":\"Contato\"}]},{\"@type\":\"WebSite\",\"@id\":\"https:\/\/arteplacas.com\/#website\",\"url\":\"https:\/\/arteplacas.com\/\",\"name\":\"arteplacas.com\",\"description\":\"\",\"publisher\":{\"@id\":\"https:\/\/arteplacas.com\/#organization\"},\"potentialAction\":[{\"@type\":\"SearchAction\",\"target\":{\"@type\":\"EntryPoint\",\"urlTemplate\":\"https:\/\/arteplacas.com\/?s={search_term_string}\"},\"query-input\":\"required name=search_term_string\"}],\"inLanguage\":\"pt-BR\"},{\"@type\":\"Organization\",\"@id\":\"https:\/\/arteplacas.com\/#organization\",\"name\":\"Art Placas\",\"url\":\"https:\/\/arteplacas.com\/\",\"logo\":{\"@type\":\"ImageObject\",\"inLanguage\":\"pt-BR\",\"@id\":\"https:\/\/arteplacas.com\/#\/schema\/logo\/image\/\",\"url\":\"https:\/\/arteplacas.com\/wp-content\/uploads\/2021\/03\/cropped-Art-Placas-logo.png\",\"contentUrl\":\"https:\/\/arteplacas.com\/wp-content\/uploads\/2021\/03\/cropped-Art-Placas-logo.png\",\"width\":240,\"height\":149,\"caption\":\"Art Placas\"},\"image\":{\"@id\":\"https:\/\/arteplacas.com\/#\/schema\/logo\/image\/\"}}]}<\/script>\n<!-- \/ Yoast SEO plugin. -->","yoast_head_json":{"title":"Contato -","robots":{"index":"index","follow":"follow","max-snippet":"max-snippet:-1","max-image-preview":"max-image-preview:large","max-video-preview":"max-video-preview:-1"},"canonical":"https:\/\/arteplacas.com\/?page_id=162","og_locale":"pt_BR","og_type":"article","og_title":"Contato -","og_description":"______________________________________________________________________________ Estamos \u00e0 sua disposi\u00e7\u00e3o. AGENDE A INSTALA\u00c7\u00c3O DA SUA PLACA MERCOSUL. E-mail: fabricaartplacas@outlook.com Celular: 79 99604-3037 Endere\u00e7o: Rodovia Prestes Maia, S\/N, BR 101, KM 02. Propri\u00e1\/SE. CEP: 49.900-000. ______________________________________________________________________________","og_url":"https:\/\/arteplacas.com\/?page_id=162","article_modified_time":"2021-03-11T16:58:48+00:00","twitter_card":"summary_large_image","schema":{"@context":"https:\/\/schema.org","@graph":[{"@type":"WebPage","@id":"https:\/\/arteplacas.com\/?page_id=162","url":"https:\/\/arteplacas.com\/?page_id=162","name":"Contato -","isPartOf":{"@id":"https:\/\/arteplacas.com\/#website"},"datePublished":"2021-03-11T05:56:50+00:00","dateModified":"2021-03-11T16:58:48+00:00","breadcrumb":{"@id":"https:\/\/arteplacas.com\/?page_id=162#breadcrumb"},"inLanguage":"pt-BR","potentialAction":[{"@type":"ReadAction","target":["https:\/\/arteplacas.com\/?page_id=162"]}]},{"@type":"BreadcrumbList","@id":"https:\/\/arteplacas.com\/?page_id=162#breadcrumb","itemListElement":[{"@type":"ListItem","position":1,"name":"In\u00edcio","item":"https:\/\/arteplacas.com\/"},{"@type":"ListItem","position":2,"name":"Contato"}]},{"@type":"WebSite","@id":"https:\/\/arteplacas.com\/#website","url":"https:\/\/arteplacas.com\/","name":"arteplacas.com","description":"","publisher":{"@id":"https:\/\/arteplacas.com\/#organization"},"potentialAction":[{"@type":"SearchAction","target":{"@type":"EntryPoint","urlTemplate":"https:\/\/arteplacas.com\/?s={search_term_string}"},"query-input":"required name=search_term_string"}],"inLanguage":"pt-BR"},{"@type":"Organization","@id":"https:\/\/arteplacas.com\/#organization","name":"Art Placas","url":"https:\/\/arteplacas.com\/","logo":{"@type":"ImageObject","inLanguage":"pt-BR","@id":"https:\/\/arteplacas.com\/#\/schema\/logo\/image\/","url":"https:\/\/arteplacas.com\/wp-content\/uploads\/2021\/03\/cropped-Art-Placas-logo.png","contentUrl":"https:\/\/arteplacas.com\/wp-content\/uploads\/2021\/03\/cropped-Art-Placas-logo.png","width":240,"height":149,"caption":"Art Placas"},"image":{"@id":"https:\/\/arteplacas.com\/#\/schema\/logo\/image\/"}}]}},"_links":{"self":[{"href":"https:\/\/arteplacas.com\/index.php?rest_route=\/wp\/v2\/pages\/162","targetHints":{"allow":["GET"]}}],"collection":[{"href":"https:\/\/arteplacas.com\/index.php?rest_route=\/wp\/v2\/pages"}],"about":[{"href":"https:\/\/arteplacas.com\/index.php?rest_route=\/wp\/v2\/types\/page"}],"author":[{"embeddable":true,"href":"https:\/\/arteplacas.com\/index.php?rest_route=\/wp\/v2\/users\/1"}],"replies":[{"embeddable":true,"href":"https:\/\/arteplacas.com\/index.php?rest_route=%2Fwp%2Fv2%2Fcomments&post=162"}],"version-history":[{"count":2,"href":"https:\/\/arteplacas.com\/index.php?rest_route=\/wp\/v2\/pages\/162\/revisions"}],"predecessor-version":[{"id":188,"href":"https:\/\/arteplacas.com\/index.php?rest_route=\/wp\/v2\/pages\/162\/revisions\/188"}],"wp:attachment":[{"href":"https:\/\/arteplacas.com\/index.php?rest_route=%2Fwp%2Fv2%2Fmedia&parent=162"}],"curies":[{"name":"wp","href":"https:\/\/api.w.org\/{rel}","templated":true}]}}